{"id":1006,"date":"2020-05-28T15:52:07","date_gmt":"2020-05-28T18:52:07","guid":{"rendered":"http:\/\/www.eneos.com.br\/?page_id=1006"},"modified":"2020-06-12T14:19:13","modified_gmt":"2020-06-12T17:19:13","slug":"linea-de-productos","status":"publish","type":"page","link":"https:\/\/www.eneos.com.br\/es\/linea-de-productos\/","title":{"rendered":"L\u00ednea de Productos"},"content":{"rendered":"\n\t\t\t<h1>L\u00cdNEA DE PRODUCTOS<\/h1>\t\t\t\n\t\t\t\t<img decoding=\"async\" src=\"http:\/\/www.eneos.com.br\/wp-content\/uploads\/2020\/05\/text-5w-30.jpg\" alt=\"text-5w-30\" title=\"text-5w-30\" itemprop=\"image\"\/>\n\t\t\t<h3>API SN ILSAC GF 5 100% SINT\u00c9TICO<\/h3>\t\t\t\n\t\t\t<h3>Aceite lubricante multivisco y sint\u00e9tico para motores de gasolina y flex.<\/h3>\t\t\t\n\t\t\t\t<p> Desarrollado especialmente para mejorar el arranque del motor y proporcionar una excelente protecci\u00f3n, incluso a altas temperaturas, ENEOS 5W-30 API SN \/ ILSAC GF-5 proporciona una mejor econom\u00eda de combustible, aumenta la durabilidad de los sistemas de emisiones y la limpieza de pistones Bajo consumo debido a su formulaci\u00f3n con conceptos b\u00e1sicos sint\u00e9ticos de alto rendimiento. <\/p>\n<p>  Cumple:   SAE 5W-30, API SN e ILSAC GF-5 100% SINT\u00c9TICO  <\/p>\n\t\t\t<h3>Documentaci\u00f3n<\/h3>\t\t\t\n\t\t\t\t<img decoding=\"async\" src=\"http:\/\/www.eneos.com.br\/wp-content\/uploads\/2020\/05\/icon-ficha-tecnica-png.png\" alt=\"icon-ficha-tecnica-png\" title=\"icon-ficha-tecnica-png\" itemprop=\"image\"\/>\n\t\t\t\t<a href=\"http:\/\/www.eneos.com.br\/wp-content\/uploads\/2020\/06\/ENEOS-5w30-Boletim-3.pdf\" target=\"_blank\" rel=\"noopener noreferrer\">Ficha T\u00e9cnica<\/a>\t\t\t \n\t\t\t\t<img decoding=\"async\" src=\"http:\/\/www.eneos.com.br\/wp-content\/uploads\/2020\/05\/icon-ficha-seguranca.png\" alt=\"icon-ficha-seguranca\" title=\"icon-ficha-seguranca\" itemprop=\"image\"\/>\n\t\t\t\t<a href=\"http:\/\/www.eneos.com.br\/wp-content\/uploads\/2020\/06\/ENEOS-5W-30-API-SN-ILSAC-GF-5-FISPQ-rev04.pdf\" target=\"_blank\" rel=\"noopener noreferrer\">Ficha de Seguridad<\/a>\t\t\t \n\t\t\t\t<img decoding=\"async\" src=\"http:\/\/www.eneos.com.br\/wp-content\/uploads\/2020\/05\/selo.png\" alt=\"selo\" title=\"selo\" itemprop=\"image\"  \/>\n\t\t\t\t<img decoding=\"async\" src=\"http:\/\/www.eneos.com.br\/wp-content\/uploads\/2020\/05\/text-10w-40.png\" alt=\"text-10w-40\" title=\"text-10w-40\" itemprop=\"image\"\/>\n\t\t\t<h3>API SN SEMISINT\u00c9TICA<\/h3>\t\t\t\n\t\t\t<h3>Aceite lubricante semisint\u00e9tico para motores de gasolina y flex.<\/h3>\t\t\t\n\t\t\t\t<p> ENEOS 10W-40 API SN proporciona una mayor vida \u00fatil del motor. Formulado con elementos b\u00e1sicos sint\u00e9ticos y minerales, ENEOS 10W-40 API SN tiene aditivos especiales que promueven una mayor protecci\u00f3n antidesgaste y limpieza del motor, aumentando la durabilidad de los sistemas de emisi\u00f3n. <\/p>\n<p>  Cumple:   SAE 10W-40, API SN SEMISSINT\u00c9TICO  <\/p>\n\t\t\t<h3>Documentaci\u00f3n<\/h3>\t\t\t\n\t\t\t\t<img decoding=\"async\" src=\"http:\/\/www.eneos.com.br\/wp-content\/uploads\/2020\/05\/icon-ficha-tecnica-png.png\" alt=\"icon-ficha-tecnica-png\" title=\"icon-ficha-tecnica-png\" itemprop=\"image\"\/>\n\t\t\t\t<a href=\"http:\/\/www.eneos.com.br\/wp-content\/uploads\/2020\/06\/ENEOS-10W-40-Boletim-3.pdf\" target=\"_blank\" rel=\"noopener noreferrer\">Ficha T\u00e9cnica<\/a>\t\t\t \n\t\t\t\t<img decoding=\"async\" src=\"http:\/\/www.eneos.com.br\/wp-content\/uploads\/2020\/05\/icon-ficha-seguranca.png\" alt=\"icon-ficha-seguranca\" title=\"icon-ficha-seguranca\" itemprop=\"image\"\/>\n\t\t\t\t<a href=\"http:\/\/www.eneos.com.br\/wp-content\/uploads\/2020\/06\/ENEOS-SAE-10W40-API-SN-FISPQ-rev03.pdf\" target=\"_blank\" rel=\"noopener noreferrer\">Ficha de seguridad<\/a>\t\t\t \n\t\t\t\t<img decoding=\"async\" src=\"http:\/\/www.eneos.com.br\/wp-content\/uploads\/2020\/05\/selo.png\" alt=\"selo\" title=\"selo\" itemprop=\"image\"  \/>\n\t\t\t\t<img decoding=\"async\" src=\"http:\/\/www.eneos.com.br\/wp-content\/uploads\/2020\/05\/text-15w-40.png\" alt=\"text-15w-40\" title=\"text-15w-40\" itemprop=\"image\"\/>\n\t\t\t<h3>API SN semisint\u00e9tica<\/h3>\t\t\t\n\t\t\t<h3>Aceite lubricante semisint\u00e9tico para motores de gasolina y flex.<\/h3>\t\t\t\n\t\t\t\t<p> ENEOS 15W-40 API SN proporciona una excelente protecci\u00f3n al motor, ya que su formulaci\u00f3n equilibrada promueve una mayor protecci\u00f3n contra el desgaste y la limpieza del motor. <\/p>\n<p>  Cumple:   SAE 15W-40, API SN SEMISSINT\u00c9TICO  <\/p>\n\t\t\t<h3>Documentaci\u00f3n<\/h3>\t\t\t\n\t\t\t\t<img decoding=\"async\" src=\"http:\/\/www.eneos.com.br\/wp-content\/uploads\/2020\/05\/icon-ficha-tecnica-png.png\" alt=\"icon-ficha-tecnica-png\" title=\"icon-ficha-tecnica-png\" itemprop=\"image\"\/>\n\t\t\t\t<a href=\"http:\/\/www.eneos.com.br\/wp-content\/uploads\/2020\/06\/ENEOS-15W-40-SN-Boletim.pdf\" target=\"_blank\" rel=\"noopener noreferrer\">Ficha T\u00e9cnica<\/a>\t\t\t \n\t\t\t\t<img decoding=\"async\" src=\"http:\/\/www.eneos.com.br\/wp-content\/uploads\/2020\/05\/icon-ficha-seguranca.png\" alt=\"icon-ficha-seguranca\" title=\"icon-ficha-seguranca\" itemprop=\"image\"\/>\n\t\t\t\t<a href=\"http:\/\/www.eneos.com.br\/wp-content\/uploads\/2020\/06\/ENEOS-SAE-15W40-API-SN-FISPQ.pdf\" target=\"_blank\" rel=\"noopener noreferrer\">Ficha de seguridad<\/a>\t\t\t \n\t\t\t\t<img decoding=\"async\" src=\"http:\/\/www.eneos.com.br\/wp-content\/uploads\/2020\/05\/selo.png\" alt=\"selo\" title=\"selo\" itemprop=\"image\"  \/>\n","protected":false},"excerpt":{"rendered":"<p>L\u00cdNEA DE PRODUCTOS API SN ILSAC GF 5 100% SINT\u00c9TICO Aceite lubricante multivisco y sint\u00e9tico para motores de gasolina y flex. Desarrollado especialmente para mejorar el arranque del motor y proporcionar una excelente protecci\u00f3n, incluso a altas temperaturas, ENEOS 5W-30 API SN \/ ILSAC GF-5 proporciona una mejor econom\u00eda de combustible, aumenta la durabilidad de [&hellip;]<\/p>\n","protected":false},"author":3,"featured_media":0,"parent":0,"menu_order":0,"comment_status":"closed","ping_status":"closed","template":"","meta":{"_monsterinsights_skip_tracking":false,"_monsterinsights_sitenote_active":false,"_monsterinsights_sitenote_note":"","_monsterinsights_sitenote_category":0,"site-sidebar-layout":"no-sidebar","site-content-layout":"page-builder","ast-site-content-layout":"default","site-content-style":"default","site-sidebar-style":"default","ast-global-header-display":"","ast-banner-title-visibility":"","ast-main-header-display":"","ast-hfb-above-header-display":"","ast-hfb-below-header-display":"","ast-hfb-mobile-header-display":"","site-post-title":"disabled","ast-breadcrumbs-content":"","ast-featured-img":"disabled","footer-sml-layout":"","ast-disable-related-posts":"","theme-transparent-header-meta":"default","adv-header-id-meta":"","stick-header-meta":"","header-above-stick-meta":"","header-main-stick-meta":"","header-below-stick-meta":"","astra-migrate-meta-layouts":"default","ast-page-background-enabled":"default","ast-page-background-meta":{"desktop":{"background-color":"","background-image":"","background-repeat":"repeat","background-position":"center center","background-size":"auto","background-attachment":"scroll","background-type":"","background-media":"","overlay-type":"","overlay-color":"","overlay-opacity":"","overlay-gradient":""},"tablet":{"background-color":"","background-image":"","background-repeat":"repeat","background-position":"center center","background-size":"auto","background-attachment":"scroll","background-type":"","background-media":"","overlay-type":"","overlay-color":"","overlay-opacity":"","overlay-gradient":""},"mobile":{"background-color":"","background-image":"","background-repeat":"repeat","background-position":"center center","background-size":"auto","background-attachment":"scroll","background-type":"","background-media":"","overlay-type":"","overlay-color":"","overlay-opacity":"","overlay-gradient":""}},"ast-content-background-meta":{"desktop":{"background-color":"var(--ast-global-color-5)","background-image":"","background-repeat":"repeat","background-position":"center center","background-size":"auto","background-attachment":"scroll","background-type":"","background-media":"","overlay-type":"","overlay-color":"","overlay-opacity":"","overlay-gradient":""},"tablet":{"background-color":"var(--ast-global-color-5)","background-image":"","background-repeat":"repeat","background-position":"center center","background-size":"auto","background-attachment":"scroll","background-type":"","background-media":"","overlay-type":"","overlay-color":"","overlay-opacity":"","overlay-gradient":""},"mobile":{"background-color":"var(--ast-global-color-5)","background-image":"","background-repeat":"repeat","background-position":"center center","background-size":"auto","background-attachment":"scroll","background-type":"","background-media":"","overlay-type":"","overlay-color":"","overlay-opacity":"","overlay-gradient":""}}},"_links":{"self":[{"href":"https:\/\/www.eneos.com.br\/es\/wp-json\/wp\/v2\/pages\/1006"}],"collection":[{"href":"https:\/\/www.eneos.com.br\/es\/wp-json\/wp\/v2\/pages"}],"about":[{"href":"https:\/\/www.eneos.com.br\/es\/wp-json\/wp\/v2\/types\/page"}],"author":[{"embeddable":true,"href":"https:\/\/www.eneos.com.br\/es\/wp-json\/wp\/v2\/users\/3"}],"replies":[{"embeddable":true,"href":"https:\/\/www.eneos.com.br\/es\/wp-json\/wp\/v2\/comments?post=1006"}],"version-history":[{"count":0,"href":"https:\/\/www.eneos.com.br\/es\/wp-json\/wp\/v2\/pages\/1006\/revisions"}],"wp:attachment":[{"href":"https:\/\/www.eneos.com.br\/es\/wp-json\/wp\/v2\/media?parent=1006"}],"curies":[{"name":"wp","href":"https:\/\/api.w.org\/{rel}","templated":true}]}}