{"id":1034,"date":"2020-05-28T16:27:58","date_gmt":"2020-05-28T19:27:58","guid":{"rendered":"http:\/\/www.eneos.com.br\/?page_id=1034"},"modified":"2020-06-12T16:03:15","modified_gmt":"2020-06-12T19:03:15","slug":"sobre-nosotros","status":"publish","type":"page","link":"https:\/\/www.eneos.com.br\/es\/sobre-nosotros\/","title":{"rendered":"Sobre Nosotros"},"content":{"rendered":"\n\t\t\t<h1>SOBRE NOSOTROS<\/h1>\t\t\t\n\t\t\t<h3>\u00bfQUE ES ENEOS?<\/h3><h2>JXTG NIPPON OIL &#038; ENERGY CORPORATION<\/h2>\n\t\t\t\t<p> <strong> La historia de la compa\u00f1\u00eda comenz\u00f3 en 1888 en Niigata, Jap\u00f3n. <\/strong> <\/p>\n<p> La compa\u00f1\u00eda cre\u00f3 la marca ENEOS en 2001 y centr\u00f3 sus actividades en el suministro de lubricantes para Alta calidad para el mercado mundial. En 2010, el Grupo JX fue creado mediante la transferencia de acciones conjuntas de Nippon Oil Corporation y Nippon Mining Holdings, Inc. En abril de 2017, JX Holdings, Inc. y Tonen General Sekiyu KK intercambiaron acciones. <\/ P > <\/p>\n<p> JX Holdings, Inc. cambi\u00f3 su nombre comercial a JXTG Holdings, Inc al mismo tiempo que JX Energy Corporation se fusion\u00f3 con Tonen General Sekiyu KK y cambi\u00f3 su nombre comercial a JXTG Nippon Oil &#038; Energy Corporation. <\/ p><\/p>\n\t\t\t<h2>PORQUE A ENEOS?<\/h2>\t\t\t\n\t\t\t\t<p> ENEOS es la marca n\u00famero 1 en Jap\u00f3n y ha ofrecido un rendimiento de alta calidad para todo el mercado mundial. <\/p>\n<p> ENEOS es la l\u00ednea de aceites lubricantes de alta tecnolog\u00eda desarrollados a trav\u00e9s de la ingenier\u00eda y la investigaci\u00f3n. junto con todos los fabricantes de autom\u00f3viles japoneses y reconocidos por proporcionar productos de alta calidad a los equipos de carreras. <\/p>\n<p> Utilizando toda la experiencia adquirida, ENEOS ofrece lubricaci\u00f3n de alta calidad para los motores y permite mayores ahorros a trav\u00e9s de \u00abTecnolog\u00eda japonesa\u00bb, que surge de los centros de investigaci\u00f3n y desarrollo en Jap\u00f3n. <\/p>\n<p> Con gran inter\u00e9s en expandir la marca en 2015, JX Nippon Oil &#038; Energy do Brasil lanz\u00f3 sus lubricantes ENEOS con el objetivo para proporcionar un mayor rendimiento en turismos en el pa\u00eds. <\/p>\n\t\t\t<h3>NUESTRAS PRINCIPALES NOTICIAS<\/h3><h2>NEWS ENEOS<\/h2>\t\t\t\n\t\t\t\t\t\t\t\t\t\t\t\t\t\t<a href=\"http:\/\/www.eneos.com.br\/es\/2020\/05\/28\/eneos-se-convierte-en-socio-global-de-euroleague-basketball\/\" target=\"_self\" title=\"ENEOS se convierte en socio global de Euroleague Basketball\" rel=\"noopener noreferrer\">\n\t\t\t\t<img decoding=\"async\" src=\"http:\/\/www.eneos.com.br\/wp-content\/uploads\/2020\/05\/about-sponsor-euroleague-header.jpg\" alt=\"\" \/>\n\t\t\t\t<\/a>\n\t\t\t\t\t\t\t<h5>\n\t\t\t05\/28\/2020\t\t\t\n\t\t\t\t\t\t\t<\/h5>\n\t\t\t\t\t\t\t\t\tJXTG Nippon Oil &#038; Energy Europe Limited, un fabricante de aceites de motor premium de la marca ENEOS &#8230;\n\t\t\t\t\t<a href=\"http:\/\/www.eneos.com.br\/es\/2020\/05\/28\/eneos-se-convierte-en-socio-global-de-euroleague-basketball\/\" target=\"_self\" rel=\"noopener noreferrer\">SEPA MAS &#8594;<\/a>\t\t\n\t\t\t\t\t\t\t<h5>\n\t\t\t05\/28\/2020\t\t\t\n\t\t\t\t\t\t\t<\/h5>\n\t\t\t\t\t\t\t\t\tJX Nippon Oil &#038; Energy Europe Limited acogi\u00f3 recientemente la 4\u00aa Conferencia de Distribuidores Europeos en la hist\u00f3rica &#8230;\n\t\t\t\t\t<a href=\"http:\/\/www.eneos.com.br\/es\/2020\/05\/28\/4ta-conferencia-europea-de-distribuidores\/\" target=\"_self\" rel=\"noopener noreferrer\">SEPA MAS &#8594;<\/a>\t\t\n\t\t\t\t\t\t\t<h5>\n\t\t\t05\/28\/2020\t\t\t\n\t\t\t\t\t\t\t<\/h5>\n\t\t\t\t\t\t\t\t\tENEOS estuvo nuevamente presente en el legendario Mugello MotoGP de este a\u00f1o, donde organiz\u00f3 una experiencia de hospitalidad &#8230;\n\t\t\t\t\t<a href=\"http:\/\/www.eneos.com.br\/es\/2020\/05\/28\/eneos-en-mugello-motogp\/\" target=\"_self\" rel=\"noopener noreferrer\">SEPA MAS &#8594;<\/a>\t\t\n","protected":false},"excerpt":{"rendered":"<p>SOBRE NOSOTROS \u00bfQUE ES ENEOS? JXTG NIPPON OIL &#038; ENERGY CORPORATION La historia de la compa\u00f1\u00eda comenz\u00f3 en 1888 en Niigata, Jap\u00f3n. La compa\u00f1\u00eda cre\u00f3 la marca ENEOS en 2001 y centr\u00f3 sus actividades en el suministro de lubricantes para Alta calidad para el mercado mundial. En 2010, el Grupo JX fue creado mediante la [&hellip;]<\/p>\n","protected":false},"author":3,"featured_media":0,"parent":0,"menu_order":0,"comment_status":"closed","ping_status":"closed","template":"","meta":{"_monsterinsights_skip_tracking":false,"_monsterinsights_sitenote_active":false,"_monsterinsights_sitenote_note":"","_monsterinsights_sitenote_category":0,"site-sidebar-layout":"default","site-content-layout":"default","ast-site-content-layout":"default","site-content-style":"default","site-sidebar-style":"default","ast-global-header-display":"","ast-banner-title-visibility":"","ast-main-header-display":"","ast-hfb-above-header-display":"","ast-hfb-below-header-display":"","ast-hfb-mobile-header-display":"","site-post-title":"disabled","ast-breadcrumbs-content":"","ast-featured-img":"","footer-sml-layout":"","ast-disable-related-posts":"","theme-transparent-header-meta":"default","adv-header-id-meta":"","stick-header-meta":"","header-above-stick-meta":"","header-main-stick-meta":"","header-below-stick-meta":"","astra-migrate-meta-layouts":"default","ast-page-background-enabled":"default","ast-page-background-meta":{"desktop":{"background-color":"","background-image":"","background-repeat":"repeat","background-position":"center center","background-size":"auto","background-attachment":"scroll","background-type":"","background-media":"","overlay-type":"","overlay-color":"","overlay-opacity":"","overlay-gradient":""},"tablet":{"background-color":"","background-image":"","background-repeat":"repeat","background-position":"center center","background-size":"auto","background-attachment":"scroll","background-type":"","background-media":"","overlay-type":"","overlay-color":"","overlay-opacity":"","overlay-gradient":""},"mobile":{"background-color":"","background-image":"","background-repeat":"repeat","background-position":"center center","background-size":"auto","background-attachment":"scroll","background-type":"","background-media":"","overlay-type":"","overlay-color":"","overlay-opacity":"","overlay-gradient":""}},"ast-content-background-meta":{"desktop":{"background-color":"var(--ast-global-color-5)","background-image":"","background-repeat":"repeat","background-position":"center center","background-size":"auto","background-attachment":"scroll","background-type":"","background-media":"","overlay-type":"","overlay-color":"","overlay-opacity":"","overlay-gradient":""},"tablet":{"background-color":"var(--ast-global-color-5)","background-image":"","background-repeat":"repeat","background-position":"center center","background-size":"auto","background-attachment":"scroll","background-type":"","background-media":"","overlay-type":"","overlay-color":"","overlay-opacity":"","overlay-gradient":""},"mobile":{"background-color":"var(--ast-global-color-5)","background-image":"","background-repeat":"repeat","background-position":"center center","background-size":"auto","background-attachment":"scroll","background-type":"","background-media":"","overlay-type":"","overlay-color":"","overlay-opacity":"","overlay-gradient":""}}},"_links":{"self":[{"href":"https:\/\/www.eneos.com.br\/es\/wp-json\/wp\/v2\/pages\/1034"}],"collection":[{"href":"https:\/\/www.eneos.com.br\/es\/wp-json\/wp\/v2\/pages"}],"about":[{"href":"https:\/\/www.eneos.com.br\/es\/wp-json\/wp\/v2\/types\/page"}],"author":[{"embeddable":true,"href":"https:\/\/www.eneos.com.br\/es\/wp-json\/wp\/v2\/users\/3"}],"replies":[{"embeddable":true,"href":"https:\/\/www.eneos.com.br\/es\/wp-json\/wp\/v2\/comments?post=1034"}],"version-history":[{"count":0,"href":"https:\/\/www.eneos.com.br\/es\/wp-json\/wp\/v2\/pages\/1034\/revisions"}],"wp:attachment":[{"href":"https:\/\/www.eneos.com.br\/es\/wp-json\/wp\/v2\/media?parent=1034"}],"curies":[{"name":"wp","href":"https:\/\/api.w.org\/{rel}","templated":true}]}}